{"id":37,"date":"2021-10-19T11:12:48","date_gmt":"2021-10-19T09:12:48","guid":{"rendered":"http:\/\/sklep.jezykowo.org\/index.php\/strona-glowna\/"},"modified":"2021-10-19T11:14:12","modified_gmt":"2021-10-19T09:14:12","slug":"strona-glowna","status":"publish","type":"page","link":"https:\/\/sklep.jezykowo.org\/","title":{"rendered":"Strona g\u0142\u00f3wna"},"content":{"rendered":"\t\t<div data-elementor-type=\"wp-page\" data-elementor-id=\"37\" class=\"elementor elementor-37\" data-elementor-settings=\"[]\">\n\t\t\t\t\t\t\t<div class=\"elementor-section-wrap\">\n\t\t\t\t\t\t\t<section class=\"elementor-section elementor-top-section elementor-element elementor-element-49816e45 elementor-section-boxed elementor-section-height-default elementor-section-height-default\" data-id=\"49816e45\" data-element_type=\"section\">\n\t\t\t\t\t\t<div class=\"elementor-container elementor-column-gap-default\">\n\t\t\t\t\t<div class=\"elementor-column elementor-col-100 elementor-top-column elementor-element elementor-element-5c7af48f\" data-id=\"5c7af48f\" data-element_type=\"column\">\n\t\t\t<div class=\"elementor-widget-wrap elementor-element-populated\">\n\t\t\t\t\t\t\t\t<div class=\"elementor-element elementor-element-29e9b45c elementor-widget elementor-widget-text-editor\" data-id=\"29e9b45c\" data-element_type=\"widget\" data-widget_type=\"text-editor.default\">\n\t\t\t\t<div class=\"elementor-widget-container\">\n\t\t\t\t\t\t\t<!-- wp:cover {\"url\":\"http:\/\/sklep.jezykowo.org\/wp-content\/uploads\/2021\/10\/other-small.jpg\",\"id\":38,\"dimRatio\":0} -->\n\t\t\t<div class=\"wp-block-cover\" style=\"background-image:url(http:\/\/sklep.jezykowo.org\/wp-content\/uploads\/2021\/10\/other-small.jpg)\"><div class=\"wp-block-cover__inner-container\"><!-- wp:paragraph {\"align\":\"center\",\"placeholder\":\"Wprowad\u017a tytu\u0142\u2026\",\"textColor\":\"white\",\"fontSize\":\"large\"} -->\n\t\t\t<p class=\"has-text-align-center has-large-font-size\">Witamy w sklepie<\/p>\n\t\t\t<!-- \/wp:paragraph -->\n\n\t\t\t<!-- wp:paragraph {\"align\":\"center\",\"textColor\":\"white\"} -->\n\t\t\t<p class=\"has-text-color has-text-align-center\">Napisz kr\u00f3tk\u0105 wiadomo\u015b\u0107 powitaln\u0105<\/p>\n\t\t\t<!-- \/wp:paragraph -->\n\n\t\t\t<!-- wp:button {\"align\":\"center\"} -->\n\t\t\t<div class=\"wp-block-button aligncenter\"><a href=\"http:\/\/sklep.jezykowo.org\/\" class=\"wp-block-button__link\">Przejd\u017a do zakup\u00f3w<\/a><\/div>\n\t\t\t<!-- \/wp:button --><\/div><\/div>\n\t\t\t<!-- \/wp:cover -->\n\t\t<!-- wp:heading {\"align\":\"center\"} -->\n\t\t<h2 style=\"text-align:center\">Nowe produkty<\/h2>\n\t\t<!-- \/wp:heading -->\n\n\t\t<!-- wp:woocommerce\/product-new \/--> <!-- wp:media-text {\"mediaPosition\":\"right\",\"mediaId\":38,\"mediaType\":\"image\"} -->\n\t\t\t<div class=\"wp-block-media-text alignwide has-media-on-the-right\"\"><figure class=\"wp-block-media-text__media\"><img loading=\"lazy\" decoding=\"async\" width=\"1920\" height=\"1280\" src=\"http:\/\/sklep.jezykowo.org\/wp-content\/uploads\/2021\/10\/other-small.jpg\" alt=\"\" class=\"wp-image-38\" srcset=\"https:\/\/sklep.jezykowo.org\/wp-content\/uploads\/2021\/10\/other-small.jpg 1920w, https:\/\/sklep.jezykowo.org\/wp-content\/uploads\/2021\/10\/other-small-300x200.jpg 300w, https:\/\/sklep.jezykowo.org\/wp-content\/uploads\/2021\/10\/other-small-1024x683.jpg 1024w, https:\/\/sklep.jezykowo.org\/wp-content\/uploads\/2021\/10\/other-small-768x512.jpg 768w, https:\/\/sklep.jezykowo.org\/wp-content\/uploads\/2021\/10\/other-small-1536x1024.jpg 1536w, https:\/\/sklep.jezykowo.org\/wp-content\/uploads\/2021\/10\/other-small-1320x880.jpg 1320w, https:\/\/sklep.jezykowo.org\/wp-content\/uploads\/2021\/10\/other-small-600x400.jpg 600w\" sizes=\"auto, (max-width: 1920px) 100vw, 1920px\" \/><\/figure><div class=\"wp-block-media-text__content\"><!-- wp:paragraph {\"placeholder\":\"Tre\u015b\u0107...\",\"fontSize\":\"large\"} -->\n\t\t\t<p class=\"has-large-font-size\"><\/p>\n\t\t\t<!-- \/wp:paragraph --><\/div><\/div>\n\t\t\t<!-- \/wp:media-text --><!-- wp:media-text {\"mediaId\":38,\"mediaType\":\"image\"} -->\n\t\t\t<div class=\"wp-block-media-text alignwide\"\"><figure class=\"wp-block-media-text__media\"><img loading=\"lazy\" decoding=\"async\" width=\"1920\" height=\"1280\" src=\"http:\/\/sklep.jezykowo.org\/wp-content\/uploads\/2021\/10\/other-small.jpg\" alt=\"\" class=\"wp-image-38\" srcset=\"https:\/\/sklep.jezykowo.org\/wp-content\/uploads\/2021\/10\/other-small.jpg 1920w, https:\/\/sklep.jezykowo.org\/wp-content\/uploads\/2021\/10\/other-small-300x200.jpg 300w, https:\/\/sklep.jezykowo.org\/wp-content\/uploads\/2021\/10\/other-small-1024x683.jpg 1024w, https:\/\/sklep.jezykowo.org\/wp-content\/uploads\/2021\/10\/other-small-768x512.jpg 768w, https:\/\/sklep.jezykowo.org\/wp-content\/uploads\/2021\/10\/other-small-1536x1024.jpg 1536w, https:\/\/sklep.jezykowo.org\/wp-content\/uploads\/2021\/10\/other-small-1320x880.jpg 1320w, https:\/\/sklep.jezykowo.org\/wp-content\/uploads\/2021\/10\/other-small-600x400.jpg 600w\" sizes=\"auto, (max-width: 1920px) 100vw, 1920px\" \/><\/figure><div class=\"wp-block-media-text__content\"><!-- wp:paragraph {\"placeholder\":\"Tre\u015b\u0107...\",\"fontSize\":\"large\"} -->\n\t\t\t<p class=\"has-large-font-size\"><\/p>\n\t\t\t<!-- \/wp:paragraph --><\/div><\/div>\n\t\t\t<!-- \/wp:media-text --><!-- wp:media-text {\"mediaPosition\":\"right\",\"mediaId\":38,\"mediaType\":\"image\"} -->\n\t\t\t<div class=\"wp-block-media-text alignwide has-media-on-the-right\"\"><figure class=\"wp-block-media-text__media\"><img loading=\"lazy\" decoding=\"async\" width=\"1920\" height=\"1280\" src=\"http:\/\/sklep.jezykowo.org\/wp-content\/uploads\/2021\/10\/other-small.jpg\" alt=\"\" class=\"wp-image-38\" srcset=\"https:\/\/sklep.jezykowo.org\/wp-content\/uploads\/2021\/10\/other-small.jpg 1920w, https:\/\/sklep.jezykowo.org\/wp-content\/uploads\/2021\/10\/other-small-300x200.jpg 300w, https:\/\/sklep.jezykowo.org\/wp-content\/uploads\/2021\/10\/other-small-1024x683.jpg 1024w, https:\/\/sklep.jezykowo.org\/wp-content\/uploads\/2021\/10\/other-small-768x512.jpg 768w, https:\/\/sklep.jezykowo.org\/wp-content\/uploads\/2021\/10\/other-small-1536x1024.jpg 1536w, https:\/\/sklep.jezykowo.org\/wp-content\/uploads\/2021\/10\/other-small-1320x880.jpg 1320w, https:\/\/sklep.jezykowo.org\/wp-content\/uploads\/2021\/10\/other-small-600x400.jpg 600w\" sizes=\"auto, (max-width: 1920px) 100vw, 1920px\" \/><\/figure><div class=\"wp-block-media-text__content\"><!-- wp:paragraph {\"placeholder\":\"Tre\u015b\u0107...\",\"fontSize\":\"large\"} -->\n\t\t\t<p class=\"has-large-font-size\"><\/p>\n\t\t\t<!-- \/wp:paragraph --><\/div><\/div>\n\t\t\t<!-- \/wp:media-text -->\n\n\t\t<!-- wp:woocommerce\/featured-product \/-->\t\t\t\t\t\t<\/div>\n\t\t\t\t<\/div>\n\t\t\t\t\t<\/div>\n\t\t<\/div>\n\t\t\t\t\t\t\t<\/div>\n\t\t<\/section>\n\t\t\t\t\t\t<\/div>\n\t\t\t\t\t<\/div>\n\t\t","protected":false},"excerpt":{"rendered":"<p>Nowe produkty<\/p>\n","protected":false},"author":1,"featured_media":0,"parent":0,"menu_order":0,"comment_status":"closed","ping_status":"closed","template":"elementor_canvas","meta":{"spay_email":"","footnotes":""},"class_list":["post-37","page","type-page","status-publish","hentry"],"_links":{"self":[{"href":"https:\/\/sklep.jezykowo.org\/index.php\/wp-json\/wp\/v2\/pages\/37","targetHints":{"allow":["GET"]}}],"collection":[{"href":"https:\/\/sklep.jezykowo.org\/index.php\/wp-json\/wp\/v2\/pages"}],"about":[{"href":"https:\/\/sklep.jezykowo.org\/index.php\/wp-json\/wp\/v2\/types\/page"}],"author":[{"embeddable":true,"href":"https:\/\/sklep.jezykowo.org\/index.php\/wp-json\/wp\/v2\/users\/1"}],"replies":[{"embeddable":true,"href":"https:\/\/sklep.jezykowo.org\/index.php\/wp-json\/wp\/v2\/comments?post=37"}],"version-history":[{"count":5,"href":"https:\/\/sklep.jezykowo.org\/index.php\/wp-json\/wp\/v2\/pages\/37\/revisions"}],"predecessor-version":[{"id":44,"href":"https:\/\/sklep.jezykowo.org\/index.php\/wp-json\/wp\/v2\/pages\/37\/revisions\/44"}],"wp:attachment":[{"href":"https:\/\/sklep.jezykowo.org\/index.php\/wp-json\/wp\/v2\/media?parent=37"}],"curies":[{"name":"wp","href":"https:\/\/api.w.org\/{rel}","templated":true}]}}